{"id":494,"date":"2026-03-27T12:18:56","date_gmt":"2026-03-27T10:18:56","guid":{"rendered":"https:\/\/cpr.edu.lb\/?page_id=494"},"modified":"2026-05-13T15:15:38","modified_gmt":"2026-05-13T13:15:38","slug":"home","status":"publish","type":"page","link":"https:\/\/cpr.edu.lb\/","title":{"rendered":""},"content":{"rendered":"\n<div class=\"alignnormal\"><div id=\"metaslider-id-918\" style=\"width: 100%;\" class=\"ml-slider-3-109-0 metaslider metaslider-flex metaslider-918 ml-slider has-dots-nav has-carousel-mode ml-slider-lightbox-2-23-0 lightbox-disabled ms-theme-default-base\" role=\"region\" aria-label=\"New Slideshow\" data-height=\"300\" data-width=\"700\">\n    <div id=\"metaslider_container_918\">\n        <div id=\"metaslider_918\">\n            <ul aria-live='off' class='slides'>\n                <li style=\"display: none; width: 100%;\" class=\"slide-931 ms-image \" aria-roledescription=\"slide\" data-date=\"2026-05-13 11:03:34\" data-filename=\"01-10-700x300.jpg\" data-slide-type=\"image\"><img loading=\"lazy\" decoding=\"async\" src=\"https:\/\/cpr.edu.lb\/wp-content\/uploads\/2026\/05\/01-10-700x300.jpg\" height=\"300\" width=\"700\" alt=\"\" class=\"slider-918 slide-931 msDefaultImage\" title=\"default\" \/><div class=\"caption-wrap\"><div class=\"caption\"><div>Le <strong>CPR<\/strong>, un p\u00f4le d\u2019excellence \u00e9ducative o\u00f9 innovation,<\/div><\/div><\/div><\/li>\n                <li style=\"display: none; width: 100%;\" class=\"slide-932 ms-image \" aria-roledescription=\"slide\" data-date=\"2026-05-13 11:03:55\" data-filename=\"01-5-700x300.jpg\" data-slide-type=\"image\"><img loading=\"lazy\" decoding=\"async\" src=\"https:\/\/cpr.edu.lb\/wp-content\/uploads\/2026\/05\/01-5-700x300.jpg\" height=\"300\" width=\"700\" alt=\"\" class=\"slider-918 slide-932 msDefaultImage\" title=\"default\" \/><div class=\"caption-wrap\"><div class=\"caption\"><div>rigueur et passion<\/div><\/div><\/div><\/li>\n                <li style=\"display: none; width: 100%;\" class=\"slide-933 ms-image \" aria-roledescription=\"slide\" data-date=\"2026-05-13 11:04:09\" data-filename=\"05-1-700x300.jpg\" data-slide-type=\"image\"><img loading=\"lazy\" decoding=\"async\" src=\"https:\/\/cpr.edu.lb\/wp-content\/uploads\/2026\/05\/05-1-700x300.jpg\" height=\"300\" width=\"700\" alt=\"\" class=\"slider-918 slide-933 msDefaultImage\" title=\"05\" \/><div class=\"caption-wrap\"><div class=\"caption\"><div>se conjuguent pour former les talents de demain.<\/div><\/div><\/div><\/li>\n                <li style=\"display: none; width: 100%;\" class=\"slide-934 ms-image \" aria-roledescription=\"slide\" data-date=\"2026-05-13 11:04:35\" data-filename=\"03-2-700x300.jpg\" data-slide-type=\"image\"><img loading=\"lazy\" decoding=\"async\" src=\"https:\/\/cpr.edu.lb\/wp-content\/uploads\/2026\/05\/03-2-700x300.jpg\" height=\"300\" width=\"700\" alt=\"\" class=\"slider-918 slide-934 msDefaultImage\" title=\"03\" \/><div class=\"caption-wrap\"><div class=\"caption\"><div>Un espace d\u2019apprentissage remarquable,<\/div><\/div><\/div><\/li>\n                <li style=\"display: none; width: 100%;\" class=\"slide-935 ms-image \" aria-roledescription=\"slide\" data-date=\"2026-05-13 11:04:43\" data-filename=\"10-2-700x300.jpg\" data-slide-type=\"image\"><img loading=\"lazy\" decoding=\"async\" src=\"https:\/\/cpr.edu.lb\/wp-content\/uploads\/2026\/05\/10-2-700x300.jpg\" height=\"300\" width=\"700\" alt=\"\" class=\"slider-918 slide-935 msDefaultImage\" title=\"10\" \/><div class=\"caption-wrap\"><div class=\"caption\"><div>o\u00f9 chaque apprenant est accompagn\u00e9 vers <strong>l\u2019\u00e9panouissement,<\/strong><\/div><\/div><\/div><\/li>\n                <li style=\"display: none; width: 100%;\" class=\"slide-936 ms-image \" aria-roledescription=\"slide\" data-date=\"2026-05-13 11:04:55\" data-filename=\"08-2-700x300.jpg\" data-slide-type=\"image\"><img loading=\"lazy\" decoding=\"async\" src=\"https:\/\/cpr.edu.lb\/wp-content\/uploads\/2026\/05\/08-2-700x300.jpg\" height=\"300\" width=\"700\" alt=\"\" class=\"slider-918 slide-936 msDefaultImage\" title=\"08\" \/><div class=\"caption-wrap\"><div class=\"caption\"><div><strong>l\u2019excellence et la r\u00e9ussite.<\/strong><\/div><\/div><\/div><\/li>\n                <li style=\"display: none; width: 100%;\" class=\"slide-938 ms-image \" aria-roledescription=\"slide\" data-date=\"2026-05-13 11:05:17\" data-filename=\"11-1-700x300.jpg\" data-slide-type=\"image\"><img loading=\"lazy\" decoding=\"async\" src=\"https:\/\/cpr.edu.lb\/wp-content\/uploads\/2026\/05\/11-1-700x300.jpg\" height=\"300\" width=\"700\" alt=\"\" class=\"slider-918 slide-938 msDefaultImage\" title=\"11\" \/><div class=\"caption-wrap\"><div class=\"caption\"><div>Le <strong>CPR<\/strong> se distingue par une approche p\u00e9dagogique exceptionnelle,<\/div><\/div><\/div><\/li>\n                <li style=\"display: none; width: 100%;\" class=\"slide-939 ms-image \" aria-roledescription=\"slide\" data-date=\"2026-05-13 11:05:43\" data-filename=\"02-5-700x300.jpg\" data-slide-type=\"image\"><img loading=\"lazy\" decoding=\"async\" src=\"https:\/\/cpr.edu.lb\/wp-content\/uploads\/2026\/05\/02-5-700x300.jpg\" height=\"300\" width=\"700\" alt=\"\" class=\"slider-918 slide-939 msDefaultImage\" title=\"02\" \/><div class=\"caption-wrap\"><div class=\"caption\"><div>alliant expertise, cr\u00e9ativit\u00e9 et engagement au service de l\u2019\u00e9ducation.<\/div><\/div><\/div><\/li>\n                <li style=\"display: none; width: 100%;\" class=\"slide-940 ms-image \" aria-roledescription=\"slide\" data-date=\"2026-05-13 11:05:52\" data-filename=\"09-700x300.jpg\" data-slide-type=\"image\"><img loading=\"lazy\" decoding=\"async\" src=\"https:\/\/cpr.edu.lb\/wp-content\/uploads\/2026\/05\/09-700x300.jpg\" height=\"300\" width=\"700\" alt=\"\" class=\"slider-918 slide-940 msDefaultImage\" title=\"09\" \/><div class=\"caption-wrap\"><div class=\"caption\"><div>Lieu d\u2019inspiration et de transformation,<\/div><\/div><\/div><\/li>\n                <li style=\"display: none; width: 100%;\" class=\"slide-941 ms-image \" aria-roledescription=\"slide\" data-date=\"2026-05-13 11:05:56\" data-filename=\"12-3-700x300.jpg\" data-slide-type=\"image\"><img loading=\"lazy\" decoding=\"async\" src=\"https:\/\/cpr.edu.lb\/wp-content\/uploads\/2026\/05\/12-3-700x300.jpg\" height=\"300\" width=\"700\" alt=\"\" class=\"slider-918 slide-941 msDefaultImage\" title=\"12\" \/><div class=\"caption-wrap\"><div class=\"caption\"><div>le CPR cultive les comp\u00e9tences, r\u00e9v\u00e8le les potentiels\u00a0<\/div><\/div><\/div><\/li>\n                <li style=\"display: none; width: 100%;\" class=\"slide-942 ms-image \" aria-roledescription=\"slide\" data-date=\"2026-05-13 11:06:10\" data-filename=\"06-3-700x300.jpg\" data-slide-type=\"image\"><img loading=\"lazy\" decoding=\"async\" src=\"https:\/\/cpr.edu.lb\/wp-content\/uploads\/2026\/05\/06-3-700x300.jpg\" height=\"300\" width=\"700\" alt=\"\" class=\"slider-918 slide-942 msDefaultImage\" title=\"06\" \/><div class=\"caption-wrap\"><div class=\"caption\"><div>et pr\u00e9pare \u00e0 relever les d\u00e9fis de demain.<\/div><\/div><\/div><\/li>\n            <\/ul>\n        <\/div>\n        \n    <\/div>\n<\/div><\/div>\n\n\n\n<div class=\"wp-block-group\"><div class=\"wp-block-group__inner-container is-layout-constrained wp-block-group-is-layout-constrained\">\n<div class=\"wp-block-columns is-layout-flex wp-container-core-columns-is-layout-9d6595d7 wp-block-columns-is-layout-flex\">\n<div class=\"wp-block-column is-layout-flow wp-block-column-is-layout-flow\" style=\"flex-basis:100%\"><\/div>\n<\/div>\n<\/div><\/div>\n\n\n\n<p><\/p>\n","protected":false},"excerpt":{"rendered":"","protected":false},"author":1,"featured_media":0,"parent":0,"menu_order":0,"comment_status":"closed","ping_status":"closed","template":"","meta":{"footnotes":""},"class_list":["post-494","page","type-page","status-publish","hentry"],"_links":{"self":[{"href":"https:\/\/cpr.edu.lb\/index.php\/wp-json\/wp\/v2\/pages\/494","targetHints":{"allow":["GET"]}}],"collection":[{"href":"https:\/\/cpr.edu.lb\/index.php\/wp-json\/wp\/v2\/pages"}],"about":[{"href":"https:\/\/cpr.edu.lb\/index.php\/wp-json\/wp\/v2\/types\/page"}],"author":[{"embeddable":true,"href":"https:\/\/cpr.edu.lb\/index.php\/wp-json\/wp\/v2\/users\/1"}],"replies":[{"embeddable":true,"href":"https:\/\/cpr.edu.lb\/index.php\/wp-json\/wp\/v2\/comments?post=494"}],"version-history":[{"count":32,"href":"https:\/\/cpr.edu.lb\/index.php\/wp-json\/wp\/v2\/pages\/494\/revisions"}],"predecessor-version":[{"id":967,"href":"https:\/\/cpr.edu.lb\/index.php\/wp-json\/wp\/v2\/pages\/494\/revisions\/967"}],"wp:attachment":[{"href":"https:\/\/cpr.edu.lb\/index.php\/wp-json\/wp\/v2\/media?parent=494"}],"curies":[{"name":"wp","href":"https:\/\/api.w.org\/{rel}","templated":true}]}}