{"id":185,"date":"2024-11-25T07:45:49","date_gmt":"2024-11-25T07:45:49","guid":{"rendered":"https:\/\/cpr.edu.lb\/?page_id=185"},"modified":"2026-04-20T07:08:52","modified_gmt":"2026-04-20T05:08:52","slug":"nouvelle-admission","status":"publish","type":"page","link":"https:\/\/cpr.edu.lb\/index.php\/nouvelle-admission\/","title":{"rendered":"PROC\u00c9DURE ADMISSION"},"content":{"rendered":"\n<p>Les inscriptions pour l\u2019ann\u00e9e scolaire 2026-2027 sont ouvertes au Coll\u00e8ge Patriarcal de Raboueh. Les apprenants r\u00e9pondant aux conditions d\u2019\u00e2ge r\u00e9glementaire et aux crit\u00e8res administratifs d\u2019admissibilit\u00e9 peuvent d\u00e9poser un dossier \u00e9lectronique d\u2019admission en composant le lien suivant&nbsp;: <a href=\"https:\/\/forms.office.com\/r\/H9N4nf5cg0\">https:\/\/forms.office.com\/r\/H9N4nf5cg0<\/a><\/p>\n\n\n\n<p>ou en se rendant au Coll\u00e8ge pour remplir un dossier d\u2019admission aupr\u00e8s du secr\u00e9tariat g\u00e9n\u00e9ral du Coll\u00e8ge au Bloc B (Mme Liliane HEBBO).<\/p>\n\n\n\n<p>Apr\u00e8s r\u00e9ception du dossier, un rendez-vous en pr\u00e9sentiel est fix\u00e9 avec le responsable de cycle dans les 72 heures qui suivent (jours ouvrables) afin d\u2019examiner le dossier de point de vue acad\u00e9mique, et de proposer le cas \u00e9ch\u00e9ant, au candidat un test d\u2019admission selon l\u2019\u00e9tape acad\u00e9mique vis\u00e9e.<\/p>\n\n\n\n<p>Ensuite, le responsable de cycle transmet le dossier \u00e0 l\u2019administration g\u00e9n\u00e9rale du Coll\u00e8ge pour d\u00e9cision.<\/p>\n\n\n\n<p>Dans l\u2019affirmative, il est propos\u00e9 au candidat de proc\u00e9der au paiement des frais d\u2019inscription \u00e0 la comptabilit\u00e9 du Coll\u00e8ge.<\/p>\n\n\n\n<p>Les formalit\u00e9s restantes (fournitures, costume, transport, \u2026) seront effectu\u00e9es en septembre selon un calendrier sp\u00e9cial envoy\u00e9 \u00e0 la communaut\u00e9 \u00e9ducative avant le d\u00e9part en vacances.<\/p>\n\n\n\n<p>Merci de votre attention<\/p>\n\n\n\n<p>Bienvenue aux nouveaux&nbsp;!<\/p>\n\n\n\n<p><strong><u>La Direction<\/u><\/strong><\/p>\n","protected":false},"excerpt":{"rendered":"<p>Les inscriptions pour l\u2019ann\u00e9e scolaire 2026-2027 sont ouvertes au Coll\u00e8ge Patriarcal de Raboueh. Les apprenants r\u00e9pondant aux conditions d\u2019\u00e2ge r\u00e9glementaire et aux crit\u00e8res administratifs d\u2019admissibilit\u00e9 peuvent d\u00e9poser un dossier \u00e9lectronique d\u2019admission en composant le lien suivant&nbsp;: https:\/\/forms.office.com\/r\/H9N4nf5cg0 ou en se rendant au Coll\u00e8ge pour remplir un dossier d\u2019admission aupr\u00e8s du secr\u00e9tariat g\u00e9n\u00e9ral du Coll\u00e8ge au [&hellip;]<\/p>\n","protected":false},"author":1,"featured_media":0,"parent":0,"menu_order":0,"comment_status":"closed","ping_status":"closed","template":"","meta":{"footnotes":""},"class_list":["post-185","page","type-page","status-publish","hentry"],"_links":{"self":[{"href":"https:\/\/cpr.edu.lb\/index.php\/wp-json\/wp\/v2\/pages\/185","targetHints":{"allow":["GET"]}}],"collection":[{"href":"https:\/\/cpr.edu.lb\/index.php\/wp-json\/wp\/v2\/pages"}],"about":[{"href":"https:\/\/cpr.edu.lb\/index.php\/wp-json\/wp\/v2\/types\/page"}],"author":[{"embeddable":true,"href":"https:\/\/cpr.edu.lb\/index.php\/wp-json\/wp\/v2\/users\/1"}],"replies":[{"embeddable":true,"href":"https:\/\/cpr.edu.lb\/index.php\/wp-json\/wp\/v2\/comments?post=185"}],"version-history":[{"count":5,"href":"https:\/\/cpr.edu.lb\/index.php\/wp-json\/wp\/v2\/pages\/185\/revisions"}],"predecessor-version":[{"id":596,"href":"https:\/\/cpr.edu.lb\/index.php\/wp-json\/wp\/v2\/pages\/185\/revisions\/596"}],"wp:attachment":[{"href":"https:\/\/cpr.edu.lb\/index.php\/wp-json\/wp\/v2\/media?parent=185"}],"curies":[{"name":"wp","href":"https:\/\/api.w.org\/{rel}","templated":true}]}}