{"id":179,"date":"2024-11-25T07:45:17","date_gmt":"2024-11-25T07:45:17","guid":{"rendered":"https:\/\/cpr.edu.lb\/?page_id=179"},"modified":"2026-04-20T07:07:28","modified_gmt":"2026-04-20T05:07:28","slug":"projet-educatif","status":"publish","type":"page","link":"https:\/\/cpr.edu.lb\/index.php\/projet-educatif\/","title":{"rendered":"PROJET \u00c9DUCATIF"},"content":{"rendered":"\n<p class=\"has-text-align-left\">Le Patriarcat Grec Melkite Catholique d\u00e9finit un projet \u00e9ducatif commun \u00e0 l\u2019ensemble de ses \u00e9tablissements scolaires. Ces derniers constituent des lieux d\u2019excellence acad\u00e9mique et d\u2019\u00e9panouissement int\u00e9gral, o\u00f9 se conjuguent formation intellectuelle, maturation humaine et croissance spirituelle.<\/p>\n\n\n\n<p>Les \u00e9quipes \u00e9ducatives s\u2019engagent \u00e0 incarner et \u00e0 transmettre des valeurs religieuses, sociales, humaines et culturelles, \u00e0 travers des projets p\u00e9dagogiques visant la r\u00e9ussite scolaire, sociale et professionnelle de chaque apprenant.<\/p>\n\n\n\n<p>La devise patriarcale <strong>\u00ab Science et Vertu \u00bb<\/strong> constitue l\u2019un des fondements du Coll\u00e8ge. Elle trouve un \u00e9cho particulier dans l\u2019encyclique <em>Fides et Ratio<\/em> de Saint Jean-Paul II, qui met en lumi\u00e8re l\u2019harmonie entre foi et raison.<\/p>\n\n\n\n<ul class=\"wp-block-list\">\n<li><strong>La Science<\/strong> renvoie \u00e0 la connaissance rationnelle, \u00e0 la recherche de la v\u00e9rit\u00e9 et \u00e0 l\u2019excellence acad\u00e9mique.<\/li>\n\n\n\n<li><strong>La Vertu<\/strong> renvoie \u00e0 la foi, \u00e0 la sagesse, \u00e0 la tol\u00e9rance, \u00e0 la temp\u00e9rance, \u00e0 la pi\u00e9t\u00e9 et au sens moral.<\/li>\n<\/ul>\n\n\n\n<p>Ainsi, l\u2019\u00e9ducation au CPR vise l\u2019unit\u00e9 entre savoir et conscience, comp\u00e9tence et \u00e9thique, r\u00e9ussite et service.<\/p>\n\n\n\n<p>Enseigner au Coll\u00e8ge Patriarcal signifie :<\/p>\n\n\n\n<ul class=\"wp-block-list\">\n<li>transmettre des savoirs solides;<\/li>\n\n\n\n<li>d\u00e9velopper des savoir-faire rigoureux ;<\/li>\n\n\n\n<li>former des savoir-\u00eatre inspir\u00e9s par l\u2019\u00c9vangile ;<\/li>\n\n\n\n<li>accompagner l\u2019apprenant dans la construction d\u2019un projet de vie \u00e9clair\u00e9 par la foi et la raison.<\/li>\n<\/ul>\n\n\n\n<p><strong>LES QUATRE PRINCIPES FONDATEURS<\/strong><\/p>\n\n\n\n<p><strong>1. Les valeurs spirituelles<\/strong><\/p>\n\n\n\n<p>Le Coll\u00e8ge veille \u00e0:<\/p>\n\n\n\n<ul class=\"wp-block-list\">\n<li>Assurer une formation spirituelle et cat\u00e9ch\u00e9tique favorisant la croissance dans la foi chr\u00e9tienne.<\/li>\n\n\n\n<li>\u00c9vang\u00e9liser en \u00e9duquant, tout en respectant la libert\u00e9 de conscience de chacun.<\/li>\n\n\n\n<li>Offrir des temps de pri\u00e8re, de c\u00e9l\u00e9bration et de r\u00e9flexion spirituelle.<\/li>\n\n\n\n<li>Accompagner les jeunes dans leur d\u00e9veloppement humain et spirituel.<\/li>\n\n\n\n<li>Aider les apprenants \u00e0 donner sens aux d\u00e9fis contemporains (crises, \u00e9preuves, incertitudes).<\/li>\n\n\n\n<li>Fonder l\u2019\u00e9ducation sur une vision prospective, pr\u00e9parant les jeunes au monde de demain.<\/li>\n\n\n\n<li>Reconna\u00eetre en chaque apprenant une personne cr\u00e9\u00e9e \u00e0 l\u2019image de Dieu, appel\u00e9e \u00e0 promouvoir l\u2019\u00e9galit\u00e9, l\u2019\u00e9quit\u00e9 et l\u2019\u00e9thique.<\/li>\n<\/ul>\n\n\n\n<p>L\u2019\u00e9ducation vise ainsi la r\u00e9conciliation int\u00e9rieure, la paix du c\u0153ur et la joie profonde.<\/p>\n\n\n\n<p><strong>2. Le respect<\/strong><\/p>\n\n\n\n<p>Le CPR s\u2019engage \u00e0 :<\/p>\n\n\n\n<ul class=\"wp-block-list\">\n<li>D\u00e9velopper chez l\u2019apprenant le respect de soi et des autres ;<\/li>\n\n\n\n<li>Promouvoir la coop\u00e9ration, l\u2019entraide et le dialogue ;<\/li>\n\n\n\n<li>Favoriser l\u2019affirmation \u00e9quilibr\u00e9e de la personnalit\u00e9 ;<\/li>\n\n\n\n<li>Encourager l\u2019autonomie et le sens des responsabilit\u00e9s ;<\/li>\n\n\n\n<li>Ouvrir l\u2019enfant au pluriculturalisme, \u00e0 la diversit\u00e9 et au monde.<\/li>\n<\/ul>\n\n\n\n<p><strong>3. Le go\u00fbt d\u2019apprendre<\/strong><\/p>\n\n\n\n<p>Le Coll\u00e8ge :<\/p>\n\n\n\n<ul class=\"wp-block-list\">\n<li>Cultive la curiosit\u00e9 intellectuelle et l\u2019amour du savoir ;<\/li>\n\n\n\n<li>Accompagne chaque apprenant vers l\u2019excellence acad\u00e9mique, artistique, scientifique et sportive ;<\/li>\n\n\n\n<li>Int\u00e8gre les technologies \u00e9ducatives dans une perspective \u00e9thique et responsable ;<\/li>\n\n\n\n<li>Veille au d\u00e9veloppement global de la personne : physiologique, cognitif, affectif et spirituel.<\/li>\n<\/ul>\n\n\n\n<p><strong>4. L\u2019enfant, acteur de son apprentissage<\/strong><\/p>\n\n\n\n<p>Le CPR consid\u00e8re chaque apprenant comme un \u00eatre unique, dot\u00e9 de talents propres et d\u2019un rythme d\u2019apprentissage sp\u00e9cifique.<\/p>\n\n\n\n<p>\u00c0 ce titre, l\u2019\u00e9tablissement:<\/p>\n\n\n\n<ul class=\"wp-block-list\">\n<li>Met en \u0153uvre des p\u00e9dagogies diff\u00e9renci\u00e9es ;<\/li>\n\n\n\n<li>Privil\u00e9gie l\u2019\u00e9valuation formative;<\/li>\n\n\n\n<li>Offre un accompagnement adapt\u00e9 aux apprenants en difficult\u00e9 ;<\/li>\n\n\n\n<li>D\u00e9veloppe l\u2019esprit critique et la capacit\u00e9 de discernement ;<\/li>\n\n\n\n<li>Valorise la mise en pratique concr\u00e8te des connaissances.<\/li>\n<\/ul>\n\n\n\n<p><strong>LES \u00c9QUIPES \u00c9DUCATIVES<\/strong><\/p>\n\n\n\n<p>Le Coll\u00e8ge Patriarcal encourage la professionnalisation continue de l\u2019ensemble de sa communaut\u00e9 \u00e9ducative \u00e0 travers des r\u00e9unions p\u00e9dagogiques, des formations r\u00e9guli\u00e8res et un travail collaboratif structur\u00e9.<\/p>\n\n\n\n<p>Le d\u00e9veloppement professionnel s\u2019inscrit dans un cadre r\u00e9f\u00e9rentiel de comp\u00e9tences concernant les enseignants, surveillants, documentalistes et coordinateurs.<\/p>\n\n\n\n<p>Inspir\u00e9s par le Christ, \u00ab Ma\u00eetre et Enseignant \u00bb, les membres du personnel s\u2019efforcent d\u2019incarner un mod\u00e8le d\u2019int\u00e9grit\u00e9, de coh\u00e9rence entre le dire et le faire, et d\u2019engagement \u00e9ducatif authentique. L\u2019exemplarit\u00e9 constitue une dimension essentielle de la mission \u00e9ducative catholique.<\/p>\n\n\n\n<p><strong>FINALIT\u00c9 DE LA MISSION \u00c9DUCATIVE<\/strong><\/p>\n\n\n\n<p>Le CPR \u0153uvre pour former des :<\/p>\n\n\n\n<ul class=\"wp-block-list\">\n<li>apprenants heureux, \u00e9quilibr\u00e9s et \u00e9panouis ;<\/li>\n\n\n\n<li>citoyens responsables, anim\u00e9s par le sens de la justice, de la rigueur et de la v\u00e9rit\u00e9 ;<\/li>\n\n\n\n<li>esprits critiques, cr\u00e9atifs et innovants ;<\/li>\n\n\n\n<li>jeunes ma\u00eetrisant les comp\u00e9tences num\u00e9riques et communicationnelles ;<\/li>\n\n\n\n<li>personnes empreintes d\u2019empathie, d\u2019entraide et de solidarit\u00e9 ;<\/li>\n\n\n\n<li>chr\u00e9tiens engag\u00e9s, t\u00e9moins de l\u2019\u00c9vangile dans la soci\u00e9t\u00e9.<\/li>\n<\/ul>\n\n\n\n<p>Le Coll\u00e8ge veille au d\u00e9veloppement des comp\u00e9tences transversales : esprit analytique, cr\u00e9ativit\u00e9, citoyennet\u00e9 responsable, communication positive, enracinement culturel, sant\u00e9 physique et \u00e9quilibre personnel.<\/p>\n","protected":false},"excerpt":{"rendered":"<p>Le Patriarcat Grec Melkite Catholique d\u00e9finit un projet \u00e9ducatif commun \u00e0 l\u2019ensemble de ses \u00e9tablissements scolaires. Ces derniers constituent des lieux d\u2019excellence acad\u00e9mique et d\u2019\u00e9panouissement int\u00e9gral, o\u00f9 se conjuguent formation intellectuelle, maturation humaine et croissance spirituelle. Les \u00e9quipes \u00e9ducatives s\u2019engagent \u00e0 incarner et \u00e0 transmettre des valeurs religieuses, sociales, humaines et culturelles, \u00e0 travers des [&hellip;]<\/p>\n","protected":false},"author":1,"featured_media":0,"parent":0,"menu_order":0,"comment_status":"closed","ping_status":"closed","template":"","meta":{"footnotes":""},"class_list":["post-179","page","type-page","status-publish","hentry"],"_links":{"self":[{"href":"https:\/\/cpr.edu.lb\/index.php\/wp-json\/wp\/v2\/pages\/179","targetHints":{"allow":["GET"]}}],"collection":[{"href":"https:\/\/cpr.edu.lb\/index.php\/wp-json\/wp\/v2\/pages"}],"about":[{"href":"https:\/\/cpr.edu.lb\/index.php\/wp-json\/wp\/v2\/types\/page"}],"author":[{"embeddable":true,"href":"https:\/\/cpr.edu.lb\/index.php\/wp-json\/wp\/v2\/users\/1"}],"replies":[{"embeddable":true,"href":"https:\/\/cpr.edu.lb\/index.php\/wp-json\/wp\/v2\/comments?post=179"}],"version-history":[{"count":5,"href":"https:\/\/cpr.edu.lb\/index.php\/wp-json\/wp\/v2\/pages\/179\/revisions"}],"predecessor-version":[{"id":595,"href":"https:\/\/cpr.edu.lb\/index.php\/wp-json\/wp\/v2\/pages\/179\/revisions\/595"}],"wp:attachment":[{"href":"https:\/\/cpr.edu.lb\/index.php\/wp-json\/wp\/v2\/media?parent=179"}],"curies":[{"name":"wp","href":"https:\/\/api.w.org\/{rel}","templated":true}]}}